{"id":77,"date":"2026-02-12T00:24:42","date_gmt":"2026-02-12T00:24:42","guid":{"rendered":"https:\/\/intehos.com\/?page_id=77"},"modified":"2026-02-18T21:00:03","modified_gmt":"2026-02-18T21:00:03","slug":"servicio-tecnico","status":"publish","type":"page","link":"https:\/\/intehos.com\/?page_id=77","title":{"rendered":"Formulario Para Servicio T\u00e9cnico"},"content":{"rendered":"<p><em>Soporte certificado para equipo m\u00e9dico y de laboratorio.<\/em><br \/><em>Mantenimiento preventivo y correctivo, refacciones, instalaci\u00f3n, validaciones y capacitaci\u00f3n<br \/><br \/>Favor de llenar el siguiente <strong>FORMULARIO <\/strong>y en breve uno de nuestros t\u00e9cnicos le atender\u00e1.<\/em><\/p>\n\n<style id=\"wpforms-css-vars-46-block-84e87a45-d420-43b4-b5f9-181c4e3c3c73\">\n\t\t\t\t#wpforms-46.wpforms-block-84e87a45-d420-43b4-b5f9-181c4e3c3c73 {\n\t\t\t\t--wpforms-field-size-input-height: 43px;\n--wpforms-field-size-input-spacing: 15px;\n--wpforms-field-size-font-size: 16px;\n--wpforms-field-size-line-height: 19px;\n--wpforms-field-size-padding-h: 14px;\n--wpforms-field-size-checkbox-size: 16px;\n--wpforms-field-size-sublabel-spacing: 5px;\n--wpforms-field-size-icon-size: 1;\n--wpforms-label-size-font-size: 16px;\n--wpforms-label-size-line-height: 19px;\n--wpforms-label-size-sublabel-font-size: 14px;\n--wpforms-label-size-sublabel-line-height: 17px;\n--wpforms-button-size-font-size: 17px;\n--wpforms-button-size-height: 41px;\n--wpforms-button-size-padding-h: 15px;\n--wpforms-button-size-margin-top: 10px;\n\t\t\t}\n\t\t\t<\/style><div class=\"wpforms-container wpforms-container-full wpforms-block wpforms-block-84e87a45-d420-43b4-b5f9-181c4e3c3c73 wpforms-render-modern\" id=\"wpforms-46\"><form id=\"wpforms-form-46\" class=\"wpforms-validate wpforms-form wpforms-ajax-form\" data-formid=\"46\" method=\"post\" enctype=\"multipart\/form-data\" action=\"\/index.php?rest_route=%2Fwp%2Fv2%2Fpages%2F77\" data-token=\"41e84434cd6d8701abb16f51aa44acd8\" data-token-time=\"1777644230\"><noscript class=\"wpforms-error-noscript\">Por favor, activa JavaScript en tu navegador para completar este formulario.<\/noscript><div id=\"wpforms-error-noscript\" style=\"display: none;\">Por favor, activa JavaScript en tu navegador para completar este formulario.<\/div><div class=\"wpforms-field-container\"><div id=\"wpforms-46-field_1-container\" class=\"wpforms-field wpforms-field-name\" data-field-id=\"1\"><fieldset><legend class=\"wpforms-field-label\">Nombre Completo <span class=\"wpforms-required-label\" aria-hidden=\"true\">*<\/span><\/legend><div class=\"wpforms-field-row wpforms-field-medium\"><div class=\"wpforms-field-row-block wpforms-first wpforms-one-half\"><input type=\"text\" id=\"wpforms-46-field_1\" class=\"wpforms-field-name-first wpforms-field-required\" name=\"wpforms[fields][1][first]\" aria-errormessage=\"wpforms-46-field_1-error\" required><label for=\"wpforms-46-field_1\" class=\"wpforms-field-sublabel after\">Nombre<\/label><\/div><div class=\"wpforms-field-row-block wpforms-one-half\"><input type=\"text\" id=\"wpforms-46-field_1-last\" class=\"wpforms-field-name-last wpforms-field-required\" name=\"wpforms[fields][1][last]\" aria-errormessage=\"wpforms-46-field_1-last-error\" required><label for=\"wpforms-46-field_1-last\" class=\"wpforms-field-sublabel after\">Apellidos<\/label><\/div><\/div><\/fieldset><\/div><div id=\"wpforms-46-field_8-container\" class=\"wpforms-field wpforms-field-email\" data-field-id=\"8\"><label class=\"wpforms-field-label\" for=\"wpforms-46-field_8\">E-mail de Contacto <span class=\"wpforms-required-label\" aria-hidden=\"true\">*<\/span><\/label><input type=\"email\" id=\"wpforms-46-field_8\" class=\"wpforms-field-medium wpforms-field-required\" name=\"wpforms[fields][8]\" spellcheck=\"false\" aria-errormessage=\"wpforms-46-field_8-error\" required><\/div><div id=\"wpforms-46-field_9-container\" class=\"wpforms-field wpforms-field-number\" data-field-id=\"9\"><label class=\"wpforms-field-label\" for=\"wpforms-46-field_9\">Tel\u00e9fono de Contacto<\/label><input type=\"number\" id=\"wpforms-46-field_9\" class=\"wpforms-field-medium\" name=\"wpforms[fields][9]\" step=\"any\" aria-errormessage=\"wpforms-46-field_9-error\" ><\/div><div id=\"wpforms-46-field_10-container\" class=\"wpforms-field wpforms-field-radio\" data-field-id=\"10\"><fieldset><legend class=\"wpforms-field-label\">\u00bfDe donde nos contactas? <\/legend><ul id=\"wpforms-46-field_10\"><li class=\"choice-1 depth-1\"><input type=\"radio\" id=\"wpforms-46-field_10_1\" name=\"wpforms[fields][10]\" value=\"Empresa\" aria-errormessage=\"wpforms-46-field_10_1-error\"  ><label class=\"wpforms-field-label-inline\" for=\"wpforms-46-field_10_1\">Empresa<\/label><\/li><li class=\"choice-2 depth-1\"><input type=\"radio\" id=\"wpforms-46-field_10_2\" name=\"wpforms[fields][10]\" value=\"Clinica\" aria-errormessage=\"wpforms-46-field_10_2-error\"  ><label class=\"wpforms-field-label-inline\" for=\"wpforms-46-field_10_2\">Clinica<\/label><\/li><li class=\"choice-3 depth-1\"><input type=\"radio\" id=\"wpforms-46-field_10_3\" name=\"wpforms[fields][10]\" value=\"Hospital\" aria-errormessage=\"wpforms-46-field_10_3-error\"  ><label class=\"wpforms-field-label-inline\" for=\"wpforms-46-field_10_3\">Hospital<\/label><\/li><\/ul><\/fieldset><\/div><div id=\"wpforms-46-field_11-container\" class=\"wpforms-field wpforms-field-text\" data-field-id=\"11\"><label class=\"wpforms-field-label\" for=\"wpforms-46-field_11\">Marca <\/label><input type=\"text\" id=\"wpforms-46-field_11\" class=\"wpforms-field-medium\" name=\"wpforms[fields][11]\" aria-errormessage=\"wpforms-46-field_11-error\" ><\/div><div id=\"wpforms-46-field_12-container\" class=\"wpforms-field wpforms-field-text\" data-field-id=\"12\"><label class=\"wpforms-field-label\" for=\"wpforms-46-field_12\">Modelo<\/label><input type=\"text\" id=\"wpforms-46-field_12\" class=\"wpforms-field-medium\" name=\"wpforms[fields][12]\" aria-errormessage=\"wpforms-46-field_12-error\" ><\/div><div id=\"wpforms-46-field_13-container\" class=\"wpforms-field wpforms-field-text\" data-field-id=\"13\"><label class=\"wpforms-field-label\" for=\"wpforms-46-field_13\">N\u00famero de Serie<\/label><input type=\"text\" id=\"wpforms-46-field_13\" class=\"wpforms-field-medium\" name=\"wpforms[fields][13]\" aria-errormessage=\"wpforms-46-field_13-error\" ><\/div><div id=\"wpforms-46-field_20-container\" class=\"wpforms-field wpforms-field-radio\" data-field-id=\"20\"><fieldset><legend class=\"wpforms-field-label\">El equipo se encuentra ahora:<\/legend><ul id=\"wpforms-46-field_20\"><li class=\"choice-1 depth-1\"><input type=\"radio\" id=\"wpforms-46-field_20_1\" name=\"wpforms[fields][20]\" value=\"Detenido\" aria-errormessage=\"wpforms-46-field_20_1-error\"  ><label class=\"wpforms-field-label-inline\" for=\"wpforms-46-field_20_1\">Detenido<\/label><\/li><li class=\"choice-2 depth-1\"><input type=\"radio\" id=\"wpforms-46-field_20_2\" name=\"wpforms[fields][20]\" value=\"Restringido\" aria-errormessage=\"wpforms-46-field_20_2-error\"  ><label class=\"wpforms-field-label-inline\" for=\"wpforms-46-field_20_2\">Restringido<\/label><\/li><li class=\"choice-3 depth-1\"><input type=\"radio\" id=\"wpforms-46-field_20_3\" name=\"wpforms[fields][20]\" value=\"Intermitemte\" aria-errormessage=\"wpforms-46-field_20_3-error\"  ><label class=\"wpforms-field-label-inline\" for=\"wpforms-46-field_20_3\">Intermitemte<\/label><\/li><\/ul><\/fieldset><\/div><div id=\"wpforms-46-field_15-container\" class=\"wpforms-field wpforms-field-text\" data-field-id=\"15\"><label class=\"wpforms-field-label\" for=\"wpforms-46-field_15\">\u00bfCu\u00e1l es la falla del equipo?<\/label><input type=\"text\" id=\"wpforms-46-field_15\" class=\"wpforms-field-medium\" name=\"wpforms[fields][15]\" aria-errormessage=\"wpforms-46-field_15-error\" ><\/div><div id=\"wpforms-46-field_16-container\" class=\"wpforms-field wpforms-field-text\" data-field-id=\"16\"><label class=\"wpforms-field-label\" for=\"wpforms-46-field_16\">\u00bfDesde cu\u00e1ndo ocurre la falla?<\/label><input type=\"text\" id=\"wpforms-46-field_16\" class=\"wpforms-field-medium\" name=\"wpforms[fields][16]\" aria-errormessage=\"wpforms-46-field_16-error\" ><\/div>\t\t<div id=\"wpforms-46-field_2-container\"\n\t\t\tclass=\"wpforms-field wpforms-field-text\"\n\t\t\tdata-field-type=\"text\"\n\t\t\tdata-field-id=\"2\"\n\t\t\t>\n\t\t\t<label class=\"wpforms-field-label\" for=\"wpforms-46-field_2\" >equipo de E-mail<\/label>\n\t\t\t<input type=\"text\" id=\"wpforms-46-field_2\" class=\"wpforms-field-medium\" name=\"wpforms[fields][2]\" >\n\t\t<\/div>\n\t\t<div id=\"wpforms-46-field_17-container\" class=\"wpforms-field wpforms-field-text\" data-field-id=\"17\"><label class=\"wpforms-field-label\" for=\"wpforms-46-field_17\">\u00bfLa falla ocurre durante uso cl\u00ednico?<\/label><input type=\"text\" id=\"wpforms-46-field_17\" class=\"wpforms-field-medium\" name=\"wpforms[fields][17]\" aria-errormessage=\"wpforms-46-field_17-error\" ><\/div><div id=\"wpforms-46-field_4-container\" class=\"wpforms-field wpforms-field-radio\" data-field-id=\"4\"><fieldset><legend class=\"wpforms-field-label\">\u00bfHay alguna persona lesionada o en riesgo, derivado de \u00e9sta falla?<\/legend><ul id=\"wpforms-46-field_4\"><li class=\"choice-1 depth-1\"><input type=\"radio\" id=\"wpforms-46-field_4_1\" name=\"wpforms[fields][4]\" value=\"Yes\" aria-errormessage=\"wpforms-46-field_4_1-error\"  ><label class=\"wpforms-field-label-inline\" for=\"wpforms-46-field_4_1\">Yes<\/label><\/li><li class=\"choice-2 depth-1\"><input type=\"radio\" id=\"wpforms-46-field_4_2\" name=\"wpforms[fields][4]\" value=\"No\" aria-errormessage=\"wpforms-46-field_4_2-error\"  ><label class=\"wpforms-field-label-inline\" for=\"wpforms-46-field_4_2\">No<\/label><\/li><\/ul><\/fieldset><\/div><div id=\"wpforms-46-field_7-container\" class=\"wpforms-field wpforms-field-textarea\" data-field-id=\"7\"><label class=\"wpforms-field-label\" for=\"wpforms-46-field_7\">Descripci\u00f3n del reporte<\/label><textarea id=\"wpforms-46-field_7\" class=\"wpforms-field-medium\" name=\"wpforms[fields][7]\" aria-errormessage=\"wpforms-46-field_7-error\" ><\/textarea><\/div><script>\n\t\t\t\t( function() {\n\t\t\t\t\tconst style = document.createElement( 'style' );\n\t\t\t\t\tstyle.appendChild( document.createTextNode( '#wpforms-46-field_2-container { position: absolute !important; overflow: hidden !important; display: inline !important; height: 1px !important; width: 1px !important; z-index: -1000 !important; padding: 0 !important; } #wpforms-46-field_2-container input { visibility: hidden; } #wpforms-conversational-form-page #wpforms-46-field_2-container label { counter-increment: none; }' ) );\n\t\t\t\t\tdocument.head.appendChild( style );\n\t\t\t\t\tdocument.currentScript?.remove();\n\t\t\t\t} )();\n\t\t\t<\/script><\/div><!-- .wpforms-field-container --><div class=\"wpforms-submit-container\" ><input type=\"hidden\" name=\"wpforms[id]\" value=\"46\"><input type=\"hidden\" name=\"page_title\" value=\"\"><input type=\"hidden\" name=\"page_url\" value=\"https:\/\/intehos.com\/index.php?rest_route=\/wp\/v2\/pages\/77\"><input type=\"hidden\" name=\"url_referer\" value=\"\"><button type=\"submit\" name=\"wpforms[submit]\" id=\"wpforms-submit-46\" class=\"wpforms-submit\" data-alt-text=\"Sending...\" data-submit-text=\"Enviar\" aria-live=\"assertive\" value=\"wpforms-submit\">Enviar<\/button><img loading=\"lazy\" decoding=\"async\" src=\"https:\/\/intehos.com\/wp-content\/plugins\/wpforms-lite\/assets\/images\/submit-spin.svg\" class=\"wpforms-submit-spinner\" style=\"display: none;\" width=\"26\" height=\"26\" alt=\"Cargando\"><\/div><\/form><\/div>  <!-- .wpforms-container -->","protected":false},"excerpt":{"rendered":"<p>Soporte certificado para equipo m\u00e9dico y de laboratorio.Mantenimiento preventivo y correctivo, refacciones, instalaci\u00f3n, validaciones y capacitaci\u00f3n Favor de llenar el [&hellip;]<\/p>\n","protected":false},"author":1,"featured_media":0,"parent":0,"menu_order":0,"comment_status":"closed","ping_status":"closed","template":"","meta":{"site-sidebar-layout":"default","site-content-layout":"","ast-site-content-layout":"default","site-content-style":"default","site-sidebar-style":"default","ast-global-header-display":"","ast-banner-title-visibility":"","ast-main-header-display":"","ast-hfb-above-header-display":"","ast-hfb-below-header-display":"","ast-hfb-mobile-header-display":"","site-post-title":"","ast-breadcrumbs-content":"","ast-featured-img":"","footer-sml-layout":"","ast-disable-related-posts":"","theme-transparent-header-meta":"","adv-header-id-meta":"","stick-header-meta":"","header-above-stick-meta":"","header-main-stick-meta":"","header-below-stick-meta":"","astra-migrate-meta-layouts":"default","ast-page-background-enabled":"default","ast-page-background-meta":{"desktop":{"background-color":"var(--ast-global-color-5)","background-image":"","background-repeat":"repeat","background-position":"center center","background-size":"auto","background-attachment":"scroll","background-type":"","background-media":"","overlay-type":"","overlay-color":"","overlay-opacity":"","overlay-gradient":""},"tablet":{"background-color":"","background-image":"","background-repeat":"repeat","background-position":"center center","background-size":"auto","background-attachment":"scroll","background-type":"","background-media":"","overlay-type":"","overlay-color":"","overlay-opacity":"","overlay-gradient":""},"mobile":{"background-color":"","background-image":"","background-repeat":"repeat","background-position":"center center","background-size":"auto","background-attachment":"scroll","background-type":"","background-media":"","overlay-type":"","overlay-color":"","overlay-opacity":"","overlay-gradient":""}},"ast-content-background-meta":{"desktop":{"background-color":"var(--ast-global-color-4)","background-image":"","background-repeat":"repeat","background-position":"center center","background-size":"auto","background-attachment":"scroll","background-type":"","background-media":"","overlay-type":"","overlay-color":"","overlay-opacity":"","overlay-gradient":""},"tablet":{"background-color":"var(--ast-global-color-4)","background-image":"","background-repeat":"repeat","background-position":"center center","background-size":"auto","background-attachment":"scroll","background-type":"","background-media":"","overlay-type":"","overlay-color":"","overlay-opacity":"","overlay-gradient":""},"mobile":{"background-color":"var(--ast-global-color-4)","background-image":"","background-repeat":"repeat","background-position":"center center","background-size":"auto","background-attachment":"scroll","background-type":"","background-media":"","overlay-type":"","overlay-color":"","overlay-opacity":"","overlay-gradient":""}},"footnotes":""},"class_list":["post-77","page","type-page","status-publish","hentry"],"_links":{"self":[{"href":"https:\/\/intehos.com\/index.php?rest_route=\/wp\/v2\/pages\/77","targetHints":{"allow":["GET"]}}],"collection":[{"href":"https:\/\/intehos.com\/index.php?rest_route=\/wp\/v2\/pages"}],"about":[{"href":"https:\/\/intehos.com\/index.php?rest_route=\/wp\/v2\/types\/page"}],"author":[{"embeddable":true,"href":"https:\/\/intehos.com\/index.php?rest_route=\/wp\/v2\/users\/1"}],"replies":[{"embeddable":true,"href":"https:\/\/intehos.com\/index.php?rest_route=%2Fwp%2Fv2%2Fcomments&post=77"}],"version-history":[{"count":5,"href":"https:\/\/intehos.com\/index.php?rest_route=\/wp\/v2\/pages\/77\/revisions"}],"predecessor-version":[{"id":296,"href":"https:\/\/intehos.com\/index.php?rest_route=\/wp\/v2\/pages\/77\/revisions\/296"}],"wp:attachment":[{"href":"https:\/\/intehos.com\/index.php?rest_route=%2Fwp%2Fv2%2Fmedia&parent=77"}],"curies":[{"name":"wp","href":"https:\/\/api.w.org\/{rel}","templated":true}]}}